{"id":922,"date":"2021-11-12T11:40:33","date_gmt":"2021-11-12T10:40:33","guid":{"rendered":"https:\/\/ladiamanterie.blog.ac-lyon.fr\/?page_id=922"},"modified":"2021-11-20T12:18:00","modified_gmt":"2021-11-20T11:18:00","slug":"acutalite","status":"publish","type":"page","link":"https:\/\/ladiamanterie.edu01.ac-lyon.fr\/","title":{"rendered":"Actualit\u00e9s"},"content":{"rendered":"<ul class=\"wp-block-latest-posts__list wp-block-latest-posts\"><li><a class=\"wp-block-latest-posts__post-title\" href=\"https:\/\/ladiamanterie.edu01.ac-lyon.fr\/?p=1900\">Bien grandir avec les \u00e9crans<\/a><div class=\"wp-block-latest-posts__post-full-content\"><!-- wp:algori-pdf-viewer\/block-algori-pdf-viewer {\"url\":\"https:\/\/ladiamanterie.edu01.ac-lyon.fr\/wp-content\/uploads\/sites\/56\/2025\/09\/GUIDE-bien-grandir-avec-les-ecrans.pdf\",\"id\":1901} -->\n<div class=\"wp-block-algori-pdf-viewer-block-algori-pdf-viewer\"><\/div>\n<!-- \/wp:algori-pdf-viewer\/block-algori-pdf-viewer --><\/div><\/li>\n<\/ul>","protected":false},"excerpt":{"rendered":"","protected":false},"author":16,"featured_media":0,"parent":0,"menu_order":0,"comment_status":"closed","ping_status":"closed","template":"","meta":{"xn-wppe-expiration":[],"xn-wppe-expiration-action":[],"xn-wppe-expiration-prefix":[],"advgb_blocks_editor_width":"","advgb_blocks_columns_visual_guide":"","ngg_post_thumbnail":0,"_themeisle_gutenberg_block_has_review":false,"footnotes":""},"class_list":["post-922","page","type-page","status-publish","hentry","post-preview"],"coauthors":[],"author_meta":{"author_link":"https:\/\/ladiamanterie.edu01.ac-lyon.fr\/?author=16","display_name":"cticegex"},"relative_dates":{"created":"Publi\u00e9 4 ans il y a","modified":"Mis \u00e0 jour 4 ans il y a"},"absolute_dates":{"created":"Publi\u00e9 le 12\/11\/2021","modified":"Mise \u00e0 jour le 20\/11\/2021"},"absolute_dates_time":{"created":"Publi\u00e9 le 12\/11\/2021 11:40","modified":"Mise \u00e0 jour le 20\/11\/2021 12:18"},"featured_img_caption":"","featured_img":false,"series_order":"","publishpress_future_action":{"enabled":false,"date":"2026-05-11 23:22:47","action":"change-status","newStatus":"draft","terms":[],"taxonomy":"","extraData":[]},"publishpress_future_workflow_manual_trigger":{"enabledWorkflows":[]},"_links":{"self":[{"href":"https:\/\/ladiamanterie.edu01.ac-lyon.fr\/index.php?rest_route=\/wp\/v2\/pages\/922","targetHints":{"allow":["GET"]}}],"collection":[{"href":"https:\/\/ladiamanterie.edu01.ac-lyon.fr\/index.php?rest_route=\/wp\/v2\/pages"}],"about":[{"href":"https:\/\/ladiamanterie.edu01.ac-lyon.fr\/index.php?rest_route=\/wp\/v2\/types\/page"}],"author":[{"embeddable":true,"href":"https:\/\/ladiamanterie.edu01.ac-lyon.fr\/index.php?rest_route=\/wp\/v2\/users\/16"}],"replies":[{"embeddable":true,"href":"https:\/\/ladiamanterie.edu01.ac-lyon.fr\/index.php?rest_route=%2Fwp%2Fv2%2Fcomments&post=922"}],"version-history":[{"count":5,"href":"https:\/\/ladiamanterie.edu01.ac-lyon.fr\/index.php?rest_route=\/wp\/v2\/pages\/922\/revisions"}],"predecessor-version":[{"id":957,"href":"https:\/\/ladiamanterie.edu01.ac-lyon.fr\/index.php?rest_route=\/wp\/v2\/pages\/922\/revisions\/957"}],"wp:attachment":[{"href":"https:\/\/ladiamanterie.edu01.ac-lyon.fr\/index.php?rest_route=%2Fwp%2Fv2%2Fmedia&parent=922"}],"curies":[{"name":"wp","href":"https:\/\/api.w.org\/{rel}","templated":true}]}}